{"id":39,"date":"2025-05-22T13:30:53","date_gmt":"2025-05-22T13:30:53","guid":{"rendered":"https:\/\/asyouare.no\/?page_id=39"},"modified":"2025-08-21T19:55:40","modified_gmt":"2025-08-21T19:55:40","slug":"om-oss","status":"publish","type":"page","link":"https:\/\/starasyouare.com\/en\/om-oss\/","title":{"rendered":"About us"},"content":{"rendered":"<p>[et_pb_section fb_built=&raquo;1&#8243; _builder_version=&raquo;4.21.0&#8243; _module_preset=&raquo;default&raquo; background_image=&raquo;https:\/\/starasyouare.com\/wp-content\/uploads\/2025\/07\/lesly-juarez-isWEKdSRCrA-unsplash-scaled.jpg&raquo; parallax=&raquo;on&raquo; background_enable_video_mp4=&raquo;off&raquo; custom_padding=&raquo;||310px|||&raquo; global_colors_info=&raquo;{}&raquo;][\/et_pb_section][et_pb_section fb_built=&raquo;1&#8243; _builder_version=&raquo;4.21.0&#8243; _module_preset=&raquo;default&raquo; background_color=&raquo;#F4F4F4&#8243; background_enable_image=&raquo;off&raquo; custom_padding=&raquo;60px||25px|||&raquo; collapsed=&raquo;on&raquo; global_colors_info=&raquo;{}&raquo;][et_pb_row _builder_version=&raquo;4.21.0&#8243; _module_preset=&raquo;default&raquo; max_width=&raquo;900px&raquo; global_colors_info=&raquo;{}&raquo;][et_pb_column type=&raquo;4_4&#8243; _builder_version=&raquo;4.21.0&#8243; _module_preset=&raquo;default&raquo; global_colors_info=&raquo;{}&raquo;][et_pb_text _builder_version=&raquo;4.21.0&#8243; _module_preset=&raquo;default&raquo; text_font=&raquo;Lexend|300|||||||&raquo; text_text_color=&raquo;#FF4D63&#8243; text_font_size=&raquo;18px&raquo; text_line_height=&raquo;1.4em&raquo; header_font=&raquo;Lexend Deca|500|||||||&raquo; header_text_color=&raquo;#2F2933&#8243; header_font_size=&raquo;45px&raquo; header_line_height=&raquo;1.4em&raquo; header_font_size_tablet=&raquo;45px&raquo; header_font_size_phone=&raquo;30px&raquo; header_font_size_last_edited=&raquo;on|phone&raquo; header_line_height_tablet=&raquo;1.4em&raquo; header_line_height_phone=&raquo;1.2em&raquo; header_line_height_last_edited=&raquo;on|phone&raquo; global_colors_info=&raquo;{}&raquo;]<\/p>\n<h1 style=\"text-align: left;\">We aim to create <span style=\"color: #51e5af;\">safe<\/span> and <span style=\"color: #51e5af;\">supportive<\/span> performance environments for young people<\/h1>\n<p>[\/et_pb_text][et_pb_text _builder_version=&raquo;4.21.0&#8243; _module_preset=&raquo;default&raquo; text_font=&raquo;Lexend|300|||||||&raquo; text_text_color=&raquo;#2F2933&#8243; text_font_size=&raquo;18px&raquo; text_line_height=&raquo;1.6em&raquo; header_font=&raquo;Lexend Deca|500|||||||&raquo; header_text_color=&raquo;#2F2933&#8243; header_font_size=&raquo;40px&raquo; global_colors_info=&raquo;{}&raquo;]<\/p>\n<p style=\"font-weight: 400; text-align: justify;\">Our ambition is to help young athletes and dancers train extensively in an environment defined by safety, professional quality, and long-term development. We recognize how crucial social support is - and how important it is that those surrounding the young performer have the right knowledge and understanding. When this is in place, it lays a strong foundation for continued growth - whether the path leads to a career in sports or dance, or toward other life choices. We work to ensure that the experiences from this important phase become a valuable foundation for the rest of their lives.<\/p>\n<p>[\/et_pb_text][et_pb_image src=&raquo;https:\/\/starasyouare.com\/wp-content\/uploads\/2025\/07\/puls-illustrasjon-horisontal-scaled.png&raquo; title_text=&raquo;puls-illustrasjon-horisontal&raquo; _builder_version=&raquo;4.21.0&#8243; _module_preset=&raquo;default&raquo; global_colors_info=&raquo;{}&raquo;][\/et_pb_image][\/et_pb_column][\/et_pb_row][et_pb_row _builder_version=&raquo;4.21.0&#8243; _module_preset=&raquo;default&raquo; max_width=&raquo;900px&raquo; custom_margin=&raquo;10px|auto||auto||&raquo; custom_padding=&raquo;||9px|||&raquo; global_colors_info=&raquo;{}&raquo;][et_pb_column type=&raquo;4_4&#8243; _builder_version=&raquo;4.21.0&#8243; _module_preset=&raquo;default&raquo; global_colors_info=&raquo;{}&raquo;][et_pb_text _builder_version=&raquo;4.21.0&#8243; _module_preset=&raquo;default&raquo; header_font_size=&raquo;40px&raquo; header_2_text_color=&raquo;#2F2933&#8243; header_2_font_size=&raquo;40px&raquo; global_colors_info=&raquo;{}&raquo;]<\/p>\n<h2 style=\"text-align: center;\"><strong>Meet the people behind<\/strong><\/h2>\n<p>[\/et_pb_text][\/et_pb_column][\/et_pb_row][et_pb_row column_structure=&raquo;2_5,3_5&#8243; _builder_version=&raquo;4.21.0&#8243; _module_preset=&raquo;default&raquo; max_width=&raquo;900px&raquo; custom_margin=&raquo;15px|auto||auto||&raquo; global_colors_info=&raquo;{}&raquo;][et_pb_column type=&raquo;2_5&#8243; _builder_version=&raquo;4.21.0&#8243; _module_preset=&raquo;default&raquo; global_colors_info=&raquo;{}&raquo;][et_pb_image src=&raquo;https:\/\/starasyouare.com\/wp-content\/uploads\/2025\/08\/Anne-Marte-AUA-2025.jpg&raquo; title_text=&raquo;Anne-Marte-AUA-2025&#8243; _builder_version=&raquo;4.21.0&#8243; _module_preset=&raquo;default&raquo; global_colors_info=&raquo;{}&raquo;][\/et_pb_image][\/et_pb_column][et_pb_column type=&raquo;3_5&#8243; _builder_version=&raquo;4.21.0&#8243; _module_preset=&raquo;default&raquo; global_colors_info=&raquo;{}&raquo;][et_pb_text _builder_version=&raquo;4.21.0&#8243; _module_preset=&raquo;default&raquo; text_font=&raquo;Lexend|300|||||||&raquo; text_text_color=&raquo;#2F2933&#8243; text_font_size=&raquo;16px&raquo; text_line_height=&raquo;1.4em&raquo; link_font=&raquo;|700|||||||&raquo; link_text_color=&raquo;#FF4D63&#8243; header_font=&raquo;Lexend Deca|500|||||||&raquo; header_text_color=&raquo;#2F2933&#8243; header_font_size=&raquo;40px&raquo; global_colors_info=&raquo;{}&raquo;]<\/p>\n<h3 style=\"font-weight: 400;\"><strong>Anne Marte Pensgaard<\/strong><\/h3>\n<p style=\"font-weight: 400;\"><span>Professor of Sport Psychology at the Norwegian School of Sport Sciences and Sport Psychology Consultant (IPR) at Olympiatoppen. She conducts research on motivation, stress management, and mental health in elite sports, with a particular focus on creating safe and supportive environments for young athletes. Anne Marte has served as an accredited sport psychology consultant at multiple Olympic Games, World Championships, and European Championships. She is internationally recognized for both her research and practical work in mental training in high-performance sports. She has authored several books on the topic of Mental Training.<\/span><\/p>\n<p style=\"font-weight: 400;\"><span>Email: <a href=\"mailto:annemp@nih.no\" title=\"mailto:annemp@nih.no\">annemp@nih.no<\/a><\/span><\/p>\n<p>[\/et_pb_text][\/et_pb_column][\/et_pb_row][et_pb_row column_structure=&raquo;2_5,3_5&#8243; _builder_version=&raquo;4.21.0&#8243; _module_preset=&raquo;default&raquo; max_width=&raquo;900px&raquo; custom_margin=&raquo;15px|auto||auto||&raquo; global_colors_info=&raquo;{}&raquo;][et_pb_column type=&raquo;2_5&#8243; _builder_version=&raquo;4.21.0&#8243; _module_preset=&raquo;default&raquo; global_colors_info=&raquo;{}&raquo;][et_pb_image src=&raquo;https:\/\/starasyouare.com\/wp-content\/uploads\/2025\/08\/Stine-AUA-2025.jpg&raquo; title_text=&raquo;Stine-AUA-2025&#8243; _builder_version=&raquo;4.21.0&#8243; _module_preset=&raquo;default&raquo; global_colors_info=&raquo;{}&raquo;][\/et_pb_image][\/et_pb_column][et_pb_column type=&raquo;3_5&#8243; _builder_version=&raquo;4.21.0&#8243; _module_preset=&raquo;default&raquo; global_colors_info=&raquo;{}&raquo;][et_pb_text _builder_version=&raquo;4.21.0&#8243; _module_preset=&raquo;default&raquo; text_font=&raquo;Lexend|300|||||||&raquo; text_text_color=&raquo;#2F2933&#8243; text_font_size=&raquo;16px&raquo; text_line_height=&raquo;1.4em&raquo; link_font=&raquo;|700|||||||&raquo; link_text_color=&raquo;#FF4D63&#8243; header_font=&raquo;Lexend Deca|500|||||||&raquo; header_text_color=&raquo;#2F2933&#8243; header_font_size=&raquo;40px&raquo; global_colors_info=&raquo;{}&raquo;]<\/p>\n<h3 style=\"font-weight: 400;\"><b><span>Stine \u00d8stvold Aamodt<\/span><\/b><\/h3>\n<p style=\"font-weight: 400;\">Stine holds a degree from the Norwegian School of Sport Sciences and the National Academy of Ballet, with a Bachelor's in Sport Sciences. She is a Norwegian and Nordic champion in Rhythmic Gymnastics and has represented Norway in multiple European and World Championships. From 2000 to 2020, she worked as a dancer with the Norwegian National Ballet at the Norwegian Opera &amp; Ballet.<\/p>\n<p style=\"font-weight: 400;\">She currently leads the \"Holistic Health\" project at WANG, aiming to prevent illness and injury among students at WANG Ung and WANG Toppidrett.<\/p>\n<p style=\"font-weight: 400;\">In addition, she works in the Department of Performance and Development at Olympiatoppen in Oslo, with a primary focus on the athletes of tomorrow. She is currently coordinating Olympiatoppen's responsibilities related to the national initiative \"Krafttak mot kroppsmisn\u00f8ye og spiseforstyrrelser\" (\"A Push Against Body Dissatisfaction and Eating Disorders\").\nStine is passionately committed to building a sustainable development environment where health is safeguarded throughout performance progression.<\/p>\n<p style=\"font-weight: 400;\">Email: <a href=\"mailto:ostine@online.no\" title=\"mailto:ostine@online.no\">ostine@online.no<\/a><\/p>\n<p style=\"font-weight: 400;\">\n<p>[\/et_pb_text][\/et_pb_column][\/et_pb_row][\/et_pb_section][et_pb_section fb_built=&raquo;1&#8243; _builder_version=&raquo;4.21.0&#8243; _module_preset=&raquo;default&raquo; background_color=&raquo;#ffffff&raquo; custom_padding=&raquo;||91px|||&raquo; top_divider_style=&raquo;curve&raquo; top_divider_color=&raquo;#F4F4F4&#8243; top_divider_repeat=&raquo;1x&raquo; top_divider_flip=&raquo;vertical&raquo; global_colors_info=&raquo;{}&raquo;][et_pb_row _builder_version=&raquo;4.21.0&#8243; _module_preset=&raquo;default&raquo; max_width=&raquo;900px&raquo; custom_margin=&raquo;15px|auto|36px|auto|false|&raquo; custom_padding=&raquo;||9px|||&raquo; global_colors_info=&raquo;{}&raquo;][et_pb_column type=&raquo;4_4&#8243; _builder_version=&raquo;4.21.0&#8243; _module_preset=&raquo;default&raquo; global_colors_info=&raquo;{}&raquo;][et_pb_text _builder_version=&raquo;4.21.0&#8243; _module_preset=&raquo;default&raquo; header_2_text_color=&raquo;#2F2933&#8243; global_colors_info=&raquo;{}&raquo;]<\/p>\n<h2 style=\"text-align: center;\"><strong>WITH SUPPORT FROM<\/strong><\/h2>\n<p>[\/et_pb_text][\/et_pb_column][\/et_pb_row][et_pb_row _builder_version=&raquo;4.21.0&#8243; _module_preset=&raquo;default&raquo; background_color=&raquo;#2F2933&#8243; max_width=&raquo;900px&raquo; custom_margin=&raquo;17px|auto||auto||&raquo; custom_padding=&raquo;|30px|37px|30px|false|false&raquo; global_colors_info=&raquo;{}&raquo;][et_pb_column type=&raquo;4_4&#8243; _builder_version=&raquo;4.21.0&#8243; _module_preset=&raquo;default&raquo; global_colors_info=&raquo;{}&raquo;][et_pb_image src=&raquo;https:\/\/starasyouare.com\/wp-content\/uploads\/2025\/06\/skipsreder_tom_wilhelmsens_stiftelse_med_flag_logo_hvit-scaled.png&raquo; title_text=&raquo;skipsreder_tom_wilhelmsens_stiftelse_med_flag_logo_hvit&raquo; _builder_version=&raquo;4.21.0&#8243; _module_preset=&raquo;default&raquo; width=&raquo;60%&raquo; width_tablet=&raquo;60%&raquo; width_phone=&raquo;100%&raquo; width_last_edited=&raquo;on|phone&raquo; global_colors_info=&raquo;{}&raquo; width__hover_enabled=&raquo;off|desktop&raquo;][\/et_pb_image][et_pb_text _builder_version=&raquo;4.21.0&#8243; _module_preset=&raquo;default&raquo; text_font=&raquo;Lexend|300|||||||&raquo; text_text_color=&raquo;#F4F4F4&#8243; text_font_size=&raquo;16px&raquo; text_line_height=&raquo;1.4em&raquo; header_font=&raquo;Lexend Deca|500|||||||&raquo; header_text_color=&raquo;#2F2933&#8243; header_font_size=&raquo;40px&raquo; global_colors_info=&raquo;{}&raquo;]<\/p>\n<p>The foundation\u2019s purpose is to support any initiative of a scientific, social, humanitarian, or cultural nature by awarding grants or contributions to institutions, groups, or individuals. It also aims to provide scholarships or similar support to performing artists and to encourage talented young people or others to pursue further education, studies, or research.<\/p>\n<p>[\/et_pb_text][et_pb_button button_url=&raquo;https:\/\/www.wilhelmsen.com\/about-wilhelmsen\/tom-wilhelmsens-foundation\/&raquo; url_new_window=&raquo;on&raquo; button_text=&raquo;Les mer her&raquo; _builder_version=&raquo;4.21.0&#8243; _module_preset=&raquo;default&raquo; custom_button=&raquo;on&raquo; button_text_color=&raquo;#2F2933&#8243; button_bg_color=&raquo;#51E5AF&raquo; button_border_width=&raquo;0px&raquo; button_icon_color=&raquo;#F4F4F4&#8243; locked=&raquo;off&raquo; global_colors_info=&raquo;{}&raquo;][\/et_pb_button][\/et_pb_column][\/et_pb_row][et_pb_row column_structure=&raquo;2_5,3_5&#8243; _builder_version=&raquo;4.21.0&#8243; _module_preset=&raquo;default&raquo; background_color=&raquo;#2F2933&#8243; max_width=&raquo;900px&raquo; custom_margin=&raquo;51px|auto||auto||&raquo; custom_padding=&raquo;|30px||30px|false|false&raquo; global_colors_info=&raquo;{}&raquo;][et_pb_column type=&raquo;2_5&#8243; _builder_version=&raquo;4.21.0&#8243; _module_preset=&raquo;default&raquo; global_colors_info=&raquo;{}&raquo;][et_pb_image src=&raquo;https:\/\/starasyouare.com\/wp-content\/uploads\/2025\/06\/sbs-logo-negative.png&raquo; title_text=&raquo;sbs-logo-negative&raquo; _builder_version=&raquo;4.21.0&#8243; _module_preset=&raquo;default&raquo; width_tablet=&raquo;&raquo; width_phone=&raquo;70%&raquo; width_last_edited=&raquo;on|phone&raquo; module_alignment=&raquo;center&raquo; global_colors_info=&raquo;{}&raquo;][\/et_pb_image][\/et_pb_column][et_pb_column type=&raquo;3_5&#8243; _builder_version=&raquo;4.21.0&#8243; _module_preset=&raquo;default&raquo; global_colors_info=&raquo;{}&raquo;][et_pb_text _builder_version=&raquo;4.21.0&#8243; _module_preset=&raquo;default&raquo; text_font=&raquo;Lexend|300|||||||&raquo; text_text_color=&raquo;#F4F4F4&#8243; text_font_size=&raquo;16px&raquo; text_line_height=&raquo;1.4em&raquo; header_font=&raquo;Lexend Deca|500|||||||&raquo; header_text_color=&raquo;#2F2933&#8243; header_font_size=&raquo;40px&raquo; custom_margin=&raquo;39px|||||&raquo; custom_margin_tablet=&raquo;39px|||||&raquo; custom_margin_phone=&raquo;0px||||false|false&raquo; custom_margin_last_edited=&raquo;on|phone&raquo; global_colors_info=&raquo;{}&raquo;]<\/p>\n<p><span>The foundation owns approximately 8 percent of the shares in DNB, and it is the dividend from these shares that funds various community-beneficial projects. We support initiatives that generate engagement, involve volunteers, and make a positive contribution to children and young people. Our work is philanthropic \u2013 not sponsorship.<\/span><\/p>\n<p>[\/et_pb_text][et_pb_button button_url=&raquo;https:\/\/sparebankstiftelsen.no\/om-stiftelsen\/&raquo; url_new_window=&raquo;on&raquo; button_text=&raquo;Les mer her&raquo; _builder_version=&raquo;4.21.0&#8243; _module_preset=&raquo;default&raquo; custom_button=&raquo;on&raquo; button_text_color=&raquo;#2F2933&#8243; button_bg_color=&raquo;#51E5AF&raquo; button_border_width=&raquo;0px&raquo; button_icon_color=&raquo;#F4F4F4&#8243; locked=&raquo;off&raquo; global_colors_info=&raquo;{}&raquo;][\/et_pb_button][\/et_pb_column][\/et_pb_row][\/et_pb_section][et_pb_section fb_built=&raquo;1&#8243; fullwidth=&raquo;on&raquo; _builder_version=&raquo;4.21.0&#8243; _module_preset=&raquo;default&raquo; background_image=&raquo;https:\/\/starasyouare.com\/wp-content\/uploads\/2025\/07\/brian-matangelo-rAn25CLlyLE-unsplash-2-scaled.jpg&raquo; parallax=&raquo;on&raquo; custom_css_main_element=&raquo;Height: 400px;&raquo; global_colors_info=&raquo;{}&raquo;][\/et_pb_section]<\/p>","protected":false},"excerpt":{"rendered":"<p>Vi \u00f8nsker \u00e5 legge til rette for trygge og utviklende prestasjonsmilj\u00f8er for ungeV\u00e5r ambisjon er \u00e5 bidra til at unge ut\u00f8vere og dansere f\u00e5r muligheten til \u00e5 trene mye i et milj\u00f8 preget av trygghet, faglig kvalitet og langsiktig utvikling. Vi vet hvor avgj\u00f8rende den sosiale st\u00f8tten er \u2013 og hvor viktig det er at [&hellip;]<\/p>","protected":false},"author":1,"featured_media":0,"parent":0,"menu_order":0,"comment_status":"closed","ping_status":"open","template":"","meta":{"_et_pb_use_builder":"on","_et_pb_old_content":"<!-- wp:paragraph -->\n<p>This is an example page. It's different from a blog post because it will stay in one place and will show up in your site navigation (in most themes). Most people start with an About page that introduces them to potential site visitors. It might say something like this:<\/p>\n<!-- \/wp:paragraph -->\n\n<!-- wp:quote -->\n<blockquote class=\"wp-block-quote\"><p>Hi there! I'm a bike messenger by day, aspiring actor by night, and this is my website. I live in Los Angeles, have a great dog named Jack, and I like pi&#241;a coladas. (And gettin' caught in the rain.)<\/p><\/blockquote>\n<!-- \/wp:quote -->\n\n<!-- wp:paragraph -->\n<p>...or something like this:<\/p>\n<!-- \/wp:paragraph -->\n\n<!-- wp:quote -->\n<blockquote class=\"wp-block-quote\"><p>The XYZ Doohickey Company was founded in 1971, and has been providing quality doohickeys to the public ever since. Located in Gotham City, XYZ employs over 2,000 people and does all kinds of awesome things for the Gotham community.<\/p><\/blockquote>\n<!-- \/wp:quote -->\n\n<!-- wp:paragraph -->\n<p>As a new WordPress user, you should go to <a href=\"https:\/\/starasyouare.com\/wp-admin\/\">your dashboard<\/a> to delete this page and create new pages for your content. Have fun!<\/p>\n<!-- \/wp:paragraph -->","_et_gb_content_width":"","footnotes":""},"class_list":["post-39","page","type-page","status-publish","hentry"],"yoast_head":"<!-- This site is optimized with the Yoast SEO plugin v25.4 - https:\/\/yoast.com\/wordpress\/plugins\/seo\/ -->\n<title>Om oss - Star As You Are<\/title>\n<meta name=\"robots\" content=\"index, follow, max-snippet:-1, max-image-preview:large, max-video-preview:-1\" \/>\n<link rel=\"canonical\" href=\"https:\/\/starasyouare.com\/en\/om-oss\/\" \/>\n<meta property=\"og:locale\" content=\"en_GB\" \/>\n<meta property=\"og:type\" content=\"article\" \/>\n<meta property=\"og:title\" content=\"Om oss - Star As You Are\" \/>\n<meta property=\"og:description\" content=\"Vi \u00f8nsker \u00e5 legge til rette for trygge og utviklende prestasjonsmilj\u00f8er for ungeV\u00e5r ambisjon er \u00e5 bidra til at unge ut\u00f8vere og dansere f\u00e5r muligheten til \u00e5 trene mye i et milj\u00f8 preget av trygghet, faglig kvalitet og langsiktig utvikling. Vi vet hvor avgj\u00f8rende den sosiale st\u00f8tten er \u2013 og hvor viktig det er at [&hellip;]\" \/>\n<meta property=\"og:url\" content=\"https:\/\/starasyouare.com\/en\/om-oss\/\" \/>\n<meta property=\"og:site_name\" content=\"Star As You Are\" \/>\n<meta property=\"article:modified_time\" content=\"2025-08-21T19:55:40+00:00\" \/>\n<meta name=\"twitter:card\" content=\"summary_large_image\" \/>\n<meta name=\"twitter:label1\" content=\"Estimated reading time\" \/>\n\t<meta name=\"twitter:data1\" content=\"8 minutes\" \/>\n<script type=\"application\/ld+json\" class=\"yoast-schema-graph\">{\"@context\":\"https:\/\/schema.org\",\"@graph\":[{\"@type\":\"WebPage\",\"@id\":\"https:\/\/starasyouare.com\/om-oss\/\",\"url\":\"https:\/\/starasyouare.com\/om-oss\/\",\"name\":\"Om oss - Star As You Are\",\"isPartOf\":{\"@id\":\"https:\/\/starasyouare.com\/#website\"},\"datePublished\":\"2025-05-22T13:30:53+00:00\",\"dateModified\":\"2025-08-21T19:55:40+00:00\",\"breadcrumb\":{\"@id\":\"https:\/\/starasyouare.com\/om-oss\/#breadcrumb\"},\"inLanguage\":\"en-GB\",\"potentialAction\":[{\"@type\":\"ReadAction\",\"target\":[\"https:\/\/starasyouare.com\/om-oss\/\"]}]},{\"@type\":\"BreadcrumbList\",\"@id\":\"https:\/\/starasyouare.com\/om-oss\/#breadcrumb\",\"itemListElement\":[{\"@type\":\"ListItem\",\"position\":1,\"name\":\"Hjem\",\"item\":\"https:\/\/starasyouare.com\/\"},{\"@type\":\"ListItem\",\"position\":2,\"name\":\"Om oss\"}]},{\"@type\":\"WebSite\",\"@id\":\"https:\/\/starasyouare.com\/#website\",\"url\":\"https:\/\/starasyouare.com\/\",\"name\":\"Star As You Are\",\"description\":\"Kunnskapsplattform for konkurrerende idrett\",\"publisher\":{\"@id\":\"https:\/\/starasyouare.com\/#organization\"},\"potentialAction\":[{\"@type\":\"SearchAction\",\"target\":{\"@type\":\"EntryPoint\",\"urlTemplate\":\"https:\/\/starasyouare.com\/?s={search_term_string}\"},\"query-input\":{\"@type\":\"PropertyValueSpecification\",\"valueRequired\":true,\"valueName\":\"search_term_string\"}}],\"inLanguage\":\"en-GB\"},{\"@type\":\"Organization\",\"@id\":\"https:\/\/starasyouare.com\/#organization\",\"name\":\"Star As You Are\",\"url\":\"https:\/\/starasyouare.com\/\",\"logo\":{\"@type\":\"ImageObject\",\"inLanguage\":\"en-GB\",\"@id\":\"https:\/\/starasyouare.com\/#\/schema\/logo\/image\/\",\"url\":\"https:\/\/starasyouare.com\/wp-content\/uploads\/2025\/07\/As_You_Are-Logo-gronn-scaled.png\",\"contentUrl\":\"https:\/\/starasyouare.com\/wp-content\/uploads\/2025\/07\/As_You_Are-Logo-gronn-scaled.png\",\"width\":2560,\"height\":882,\"caption\":\"Star As You Are\"},\"image\":{\"@id\":\"https:\/\/starasyouare.com\/#\/schema\/logo\/image\/\"}}]}<\/script>\n<!-- \/ Yoast SEO plugin. -->","yoast_head_json":{"title":"Om oss - Star As You Are","robots":{"index":"index","follow":"follow","max-snippet":"max-snippet:-1","max-image-preview":"max-image-preview:large","max-video-preview":"max-video-preview:-1"},"canonical":"https:\/\/starasyouare.com\/en\/om-oss\/","og_locale":"en_GB","og_type":"article","og_title":"Om oss - Star As You Are","og_description":"Vi \u00f8nsker \u00e5 legge til rette for trygge og utviklende prestasjonsmilj\u00f8er for ungeV\u00e5r ambisjon er \u00e5 bidra til at unge ut\u00f8vere og dansere f\u00e5r muligheten til \u00e5 trene mye i et milj\u00f8 preget av trygghet, faglig kvalitet og langsiktig utvikling. Vi vet hvor avgj\u00f8rende den sosiale st\u00f8tten er \u2013 og hvor viktig det er at [&hellip;]","og_url":"https:\/\/starasyouare.com\/en\/om-oss\/","og_site_name":"Star As You Are","article_modified_time":"2025-08-21T19:55:40+00:00","twitter_card":"summary_large_image","twitter_misc":{"Estimated reading time":"8 minutes"},"schema":{"@context":"https:\/\/schema.org","@graph":[{"@type":"WebPage","@id":"https:\/\/starasyouare.com\/om-oss\/","url":"https:\/\/starasyouare.com\/om-oss\/","name":"Om oss - Star As You Are","isPartOf":{"@id":"https:\/\/starasyouare.com\/#website"},"datePublished":"2025-05-22T13:30:53+00:00","dateModified":"2025-08-21T19:55:40+00:00","breadcrumb":{"@id":"https:\/\/starasyouare.com\/om-oss\/#breadcrumb"},"inLanguage":"en-GB","potentialAction":[{"@type":"ReadAction","target":["https:\/\/starasyouare.com\/om-oss\/"]}]},{"@type":"BreadcrumbList","@id":"https:\/\/starasyouare.com\/om-oss\/#breadcrumb","itemListElement":[{"@type":"ListItem","position":1,"name":"Hjem","item":"https:\/\/starasyouare.com\/"},{"@type":"ListItem","position":2,"name":"Om oss"}]},{"@type":"WebSite","@id":"https:\/\/starasyouare.com\/#website","url":"https:\/\/starasyouare.com\/","name":"Star As You Are","description":"Kunnskapsplattform for konkurrerende idrett","publisher":{"@id":"https:\/\/starasyouare.com\/#organization"},"potentialAction":[{"@type":"SearchAction","target":{"@type":"EntryPoint","urlTemplate":"https:\/\/starasyouare.com\/?s={search_term_string}"},"query-input":{"@type":"PropertyValueSpecification","valueRequired":true,"valueName":"search_term_string"}}],"inLanguage":"en-GB"},{"@type":"Organization","@id":"https:\/\/starasyouare.com\/#organization","name":"Star As You Are","url":"https:\/\/starasyouare.com\/","logo":{"@type":"ImageObject","inLanguage":"en-GB","@id":"https:\/\/starasyouare.com\/#\/schema\/logo\/image\/","url":"https:\/\/starasyouare.com\/wp-content\/uploads\/2025\/07\/As_You_Are-Logo-gronn-scaled.png","contentUrl":"https:\/\/starasyouare.com\/wp-content\/uploads\/2025\/07\/As_You_Are-Logo-gronn-scaled.png","width":2560,"height":882,"caption":"Star As You Are"},"image":{"@id":"https:\/\/starasyouare.com\/#\/schema\/logo\/image\/"}}]}},"_links":{"self":[{"href":"https:\/\/starasyouare.com\/en\/wp-json\/wp\/v2\/pages\/39","targetHints":{"allow":["GET"]}}],"collection":[{"href":"https:\/\/starasyouare.com\/en\/wp-json\/wp\/v2\/pages"}],"about":[{"href":"https:\/\/starasyouare.com\/en\/wp-json\/wp\/v2\/types\/page"}],"author":[{"embeddable":true,"href":"https:\/\/starasyouare.com\/en\/wp-json\/wp\/v2\/users\/1"}],"replies":[{"embeddable":true,"href":"https:\/\/starasyouare.com\/en\/wp-json\/wp\/v2\/comments?post=39"}],"version-history":[{"count":25,"href":"https:\/\/starasyouare.com\/en\/wp-json\/wp\/v2\/pages\/39\/revisions"}],"predecessor-version":[{"id":388,"href":"https:\/\/starasyouare.com\/en\/wp-json\/wp\/v2\/pages\/39\/revisions\/388"}],"wp:attachment":[{"href":"https:\/\/starasyouare.com\/en\/wp-json\/wp\/v2\/media?parent=39"}],"curies":[{"name":"wp","href":"https:\/\/api.w.org\/{rel}","templated":true}]}}