{"id":2,"date":"2025-05-22T07:54:28","date_gmt":"2025-05-22T07:54:28","guid":{"rendered":"https:\/\/asyouare.no\/?page_id=2"},"modified":"2025-11-25T14:16:07","modified_gmt":"2025-11-25T14:16:07","slug":"sample-page","status":"publish","type":"page","link":"https:\/\/starasyouare.com\/en\/","title":{"rendered":"Hjem"},"content":{"rendered":"<p>[et_pb_section fb_built=&raquo;1&#8243; _builder_version=&raquo;4.21.0&#8243; _module_preset=&raquo;default&raquo; background_enable_image=&raquo;off&raquo; background_video_mp4=&raquo;https:\/\/starasyouare.com\/wp-content\/uploads\/2025\/05\/AYA-Header.mp4&#8243; custom_padding=&raquo;10px||10px||false|false&raquo; global_colors_info=&raquo;{}&raquo;][et_pb_row _builder_version=&raquo;4.21.0&#8243; _module_preset=&raquo;default&raquo; global_colors_info=&raquo;{}&raquo;][et_pb_column type=&raquo;4_4&#8243; _builder_version=&raquo;4.21.0&#8243; _module_preset=&raquo;default&raquo; global_colors_info=&raquo;{}&raquo;][et_pb_image src=&raquo;https:\/\/starasyouare.com\/wp-content\/uploads\/2025\/06\/grafikk-AUA-scaled.png&raquo; title_text=&raquo;grafikk-AUA&raquo; _builder_version=&raquo;4.21.0&#8243; _module_preset=&raquo;default&raquo; global_colors_info=&raquo;{}&raquo;][\/et_pb_image][\/et_pb_column][\/et_pb_row][\/et_pb_section][et_pb_section fb_built=&raquo;1&#8243; custom_padding_last_edited=&raquo;on|phone&raquo; _builder_version=&raquo;4.21.0&#8243; _module_preset=&raquo;default&raquo; custom_padding_tablet=&raquo;&raquo; custom_padding_phone=&raquo;10px||||false|false&raquo; global_colors_info=&raquo;{}&raquo;][et_pb_row _builder_version=&raquo;4.21.0&#8243; _module_preset=&raquo;default&raquo; max_width=&raquo;900px&raquo; global_colors_info=&raquo;{}&raquo;][et_pb_column type=&raquo;4_4&#8243; _builder_version=&raquo;4.21.0&#8243; _module_preset=&raquo;default&raquo; global_colors_info=&raquo;{}&raquo;][et_pb_text _builder_version=&raquo;4.21.0&#8243; _module_preset=&raquo;default&raquo; text_font=&raquo;Lexend|300|||||||&raquo; text_text_color=&raquo;#2F2933&#8243; text_font_size=&raquo;22px&raquo; text_line_height=&raquo;1.4em&raquo; header_text_color=&raquo;#51E5AF&raquo; header_font_size=&raquo;33px&raquo; custom_margin=&raquo;18px|||||&raquo; global_colors_info=&raquo;{}&raquo;]<\/p>\n<h1>It's okay to want to be the best \u2013 as long as the journey is positive and meaningful<\/h1>\n<p>Children who pursue sports deserve an environment that promotes performance, health, and personal development. We aim to create safe and nurturing performance environments where young athletes can grow \u2013 both as individuals and as athletes. We take seriously both the dream of pursuing excellence and the need to stay healthy, motivated, and happy along the way.<\/p>\n<p>[\/et_pb_text][\/et_pb_column][\/et_pb_row][\/et_pb_section][et_pb_section fb_built=&raquo;1&#8243; _builder_version=&raquo;4.21.0&#8243; background_color=&raquo;#F4F4F4&#8243; global_colors_info=&raquo;{}&raquo;][et_pb_row column_structure=&raquo;1_3,1_3,1_3&#8243; _builder_version=&raquo;4.21.0&#8243; _module_preset=&raquo;default&raquo; global_colors_info=&raquo;{}&raquo;][et_pb_column type=&raquo;1_3&#8243; _builder_version=&raquo;4.21.0&#8243; _module_preset=&raquo;default&raquo; global_colors_info=&raquo;{}&raquo;][et_pb_image src=&raquo;https:\/\/starasyouare.com\/wp-content\/uploads\/2025\/05\/ballett-AUA.jpg&raquo; title_text=&raquo;ballett-AUA&raquo; _builder_version=&raquo;4.21.0&#8243; _module_preset=&raquo;default&raquo; global_colors_info=&raquo;{}&raquo;][\/et_pb_image][et_pb_text _builder_version=&raquo;4.21.0&#8243; _module_preset=&raquo;default&raquo; text_font=&raquo;Lexend|300|||||||&raquo; text_text_color=&raquo;#2F2933&#8243; text_font_size=&raquo;16px&raquo; global_colors_info=&raquo;{}&raquo;]<\/p>\n<p class=\"p1\">When the body doesn\u2019t have enough energy to maintain normal functions, an athlete\u2019s health and performance will be negatively affected.<\/p>\n<p>[\/et_pb_text][et_pb_button button_url=&raquo;@ET-DC@eyJkeW5hbWljIjp0cnVlLCJjb250ZW50IjoicG9zdF9saW5rX3VybF9wYWdlIiwic2V0dGluZ3MiOnsicG9zdF9pZCI6IjQzIn19@&raquo; button_text=&raquo;LES MER&raquo; _builder_version=&raquo;4.21.0&#8243; _dynamic_attributes=&raquo;button_url&raquo; _module_preset=&raquo;default&raquo; custom_button=&raquo;on&raquo; button_text_color=&raquo;#F4F4F4&#8243; button_bg_color=&raquo;#51E5AF&raquo; button_border_color=&raquo;RGBA(255,255,255,0)&raquo; button_icon_color=&raquo;#F4F4F4&#8243; custom_margin_tablet=&raquo;&raquo; custom_margin_phone=&raquo;||30px||false|false&raquo; custom_margin_last_edited=&raquo;on|desktop&raquo; custom_padding_last_edited=&raquo;off|phone&raquo; global_colors_info=&raquo;{}&raquo;][\/et_pb_button][\/et_pb_column][et_pb_column type=&raquo;1_3&#8243; _builder_version=&raquo;4.21.0&#8243; _module_preset=&raquo;default&raquo; global_colors_info=&raquo;{}&raquo;][et_pb_image src=&raquo;https:\/\/starasyouare.com\/wp-content\/uploads\/2025\/05\/fotball-AUA.jpg&raquo; title_text=&raquo;fotball-AUA&raquo; _builder_version=&raquo;4.21.0&#8243; _module_preset=&raquo;default&raquo; global_colors_info=&raquo;{}&raquo;][\/et_pb_image][et_pb_text _builder_version=&raquo;4.21.0&#8243; _module_preset=&raquo;default&raquo; text_font=&raquo;Lexend|300|||||||&raquo; text_text_color=&raquo;#2F2933&#8243; text_font_size=&raquo;16px&raquo; global_colors_info=&raquo;{}&raquo;]<\/p>\n<p>From REDs to GREEN. How can we create a sustainable sports environment where children and young people want to be?<\/p>\n<p>[\/et_pb_text][et_pb_button button_url=&raquo;@ET-DC@eyJkeW5hbWljIjp0cnVlLCJjb250ZW50IjoicG9zdF9saW5rX3VybF9wYWdlIiwic2V0dGluZ3MiOnsicG9zdF9pZCI6IjQ3In19@&raquo; button_text=&raquo;LES MER&raquo; _builder_version=&raquo;4.21.0&#8243; _dynamic_attributes=&raquo;button_url&raquo; _module_preset=&raquo;default&raquo; custom_button=&raquo;on&raquo; button_text_color=&raquo;#F4F4F4&#8243; button_bg_color=&raquo;#51E5AF&raquo; button_border_color=&raquo;RGBA(255,255,255,0)&raquo; button_icon_color=&raquo;#F4F4F4&#8243; custom_margin_tablet=&raquo;&raquo; custom_margin_phone=&raquo;||30px||false|false&raquo; custom_margin_last_edited=&raquo;on|phone&raquo; global_colors_info=&raquo;{}&raquo;][\/et_pb_button][\/et_pb_column][et_pb_column type=&raquo;1_3&#8243; _builder_version=&raquo;4.21.0&#8243; _module_preset=&raquo;default&raquo; global_colors_info=&raquo;{}&raquo;][et_pb_image src=&raquo;https:\/\/starasyouare.com\/wp-content\/uploads\/2025\/05\/friidrett.AUA_.jpg&raquo; title_text=&raquo;friidrett.AUA&raquo; _builder_version=&raquo;4.21.0&#8243; _module_preset=&raquo;default&raquo; global_colors_info=&raquo;{}&raquo;][\/et_pb_image][et_pb_text _builder_version=&raquo;4.21.0&#8243; _module_preset=&raquo;default&raquo; text_font=&raquo;Lexend|300|||||||&raquo; text_text_color=&raquo;#2F2933&#8243; text_font_size=&raquo;16px&raquo; global_colors_info=&raquo;{}&raquo;]<\/p>\n<p>The brains of children and adolescents develop at record speed, which greatly affects how they think, learn, feel, and perform. When they also pursue sports at a high level, the demands on focus, motivation, and mental resilience become even greater.<\/p>\n<p>[\/et_pb_text][et_pb_button button_url=&raquo;@ET-DC@eyJkeW5hbWljIjp0cnVlLCJjb250ZW50IjoicG9zdF9saW5rX3VybF9wYWdlIiwic2V0dGluZ3MiOnsicG9zdF9pZCI6IjIxNiJ9fQ==@&raquo; button_text=&raquo;LES MER&raquo; _builder_version=&raquo;4.21.0&#8243; _dynamic_attributes=&raquo;button_url&raquo; _module_preset=&raquo;default&raquo; custom_button=&raquo;on&raquo; button_text_color=&raquo;#F4F4F4&#8243; button_bg_color=&raquo;#51E5AF&raquo; button_border_color=&raquo;RGBA(255,255,255,0)&raquo; button_icon_color=&raquo;#F4F4F4&#8243; global_colors_info=&raquo;{}&raquo;][\/et_pb_button][\/et_pb_column][\/et_pb_row][\/et_pb_section][et_pb_section fb_built=&raquo;1&#8243; _builder_version=&raquo;4.21.0&#8243; background_color=&raquo;#ffffff&raquo; custom_padding=&raquo;100px||100px|||&raquo; global_colors_info=&raquo;{}&raquo;][et_pb_row _builder_version=&raquo;4.21.0&#8243; _module_preset=&raquo;default&raquo; global_colors_info=&raquo;{}&raquo;][et_pb_column type=&raquo;4_4&#8243; _builder_version=&raquo;4.21.0&#8243; _module_preset=&raquo;default&raquo; global_colors_info=&raquo;{}&raquo;][et_pb_image src=&raquo;https:\/\/starasyouare.com\/wp-content\/uploads\/2025\/05\/Tennis-AUA.png&raquo; title_text=&raquo;Tennis-AUA&raquo; _builder_version=&raquo;4.21.0&#8243; _module_preset=&raquo;default&raquo; global_colors_info=&raquo;{}&raquo;][\/et_pb_image][et_pb_text _builder_version=&raquo;4.21.0&#8243; _module_preset=&raquo;default&raquo; text_text_color=&raquo;#2F2933&#8243; text_font_size=&raquo;18px&raquo; text_line_height=&raquo;1.6em&raquo; header_2_font=&raquo;Lexend Deca||||||||&raquo; header_2_text_color=&raquo;#51E5AF&raquo; header_2_font_size=&raquo;35px&raquo; header_2_line_height=&raquo;1.4em&raquo; header_2_font_size_tablet=&raquo;35px&raquo; header_2_font_size_phone=&raquo;30px&raquo; header_2_font_size_last_edited=&raquo;on|phone&raquo; header_2_line_height_tablet=&raquo;1.4em&raquo; header_2_line_height_phone=&raquo;1.2em&raquo; header_2_line_height_last_edited=&raquo;on|phone&raquo; global_colors_info=&raquo;{}&raquo;]<\/p>\n<h2>The Surrounding Environment Is a Crucial Factor<\/h2>\n<p>It's not just about performance, results, and physical fitness. The training environment that children and young people are part of is just as important. Feeling included, having a place to belong\u2014somewhere you're seen and valued\u2014can make a big difference. When you're part of a supportive group, it provides not only motivation during success but also security during setbacks.<\/p>\n<p>A good sports environment offers more than just a space to burn off energy. It gives you a sense of community, identity, and a safe base to return to\u2014regardless of how things go on the field, in the gym, or on the mat. You gain a place within the group, and that place matters. It's not just about who is the best, but about being part of something bigger than yourself.<\/p>\n<p>This sense of belonging becomes especially important when things aren\u2019t going well\u2014when injuries occur, results don\u2019t come, or motivation drops. That\u2019s why it\u2019s essential for sports, together with coaches and parents, to build safe, supportive, and inclusive environments where the focus isn\u2019t only on top performance.<\/p>\n<p>[\/et_pb_text][\/et_pb_column][\/et_pb_row][\/et_pb_section][et_pb_section fb_built=&raquo;1&#8243; _builder_version=&raquo;4.21.0&#8243; _module_preset=&raquo;default&raquo; background_color=&raquo;#F4F4F4&#8243; global_colors_info=&raquo;{}&raquo;][et_pb_row _builder_version=&raquo;4.21.0&#8243; _module_preset=&raquo;default&raquo; custom_padding=&raquo;||73px|||&raquo; locked=&raquo;off&raquo; global_colors_info=&raquo;{}&raquo;][et_pb_column type=&raquo;4_4&#8243; _builder_version=&raquo;4.21.0&#8243; _module_preset=&raquo;default&raquo; global_colors_info=&raquo;{}&raquo;][et_pb_text _builder_version=&raquo;4.21.0&#8243; _module_preset=&raquo;default&raquo; header_font=&raquo;Lexend Deca||||||||&raquo; header_text_color=&raquo;#2F2933&#8243; header_font_size=&raquo;35px&raquo; custom_margin=&raquo;||2px|||&raquo; locked=&raquo;off&raquo; global_colors_info=&raquo;{}&raquo;]<\/p>\n<h1>Updates<\/h1>\n<p>[\/et_pb_text][et_pb_text _builder_version=&raquo;4.21.0&#8243; _module_preset=&raquo;default&raquo; text_text_color=&raquo;#2F2933&#8243; text_font_size=&raquo;18px&raquo; global_colors_info=&raquo;{}&raquo;]<\/p>\n<p>News, Features, and Research<\/p>\n<p>[\/et_pb_text][et_pb_blog fullwidth=&raquo;off&raquo; posts_number=&raquo;3&#8243; excerpt_length=&raquo;180&#8243; show_more=&raquo;on&raquo; show_author=&raquo;off&raquo; show_date=&raquo;off&raquo; show_categories=&raquo;off&raquo; show_pagination=&raquo;off&raquo; masonry_tile_background_color=&raquo;#F4F4F4&#8243; _builder_version=&raquo;4.21.0&#8243; _module_preset=&raquo;default&raquo; header_font=&raquo;Lexend Deca||||||||&raquo; header_text_color=&raquo;#2F2933&#8243; header_line_height=&raquo;1.3em&raquo; body_font=&raquo;Lexend Deca|300|||||||&raquo; body_text_color=&raquo;#2F2933&#8243; meta_font=&raquo;||||||||&raquo; read_more_font=&raquo;Lexend Deca|600||on|||||&raquo; read_more_text_color=&raquo;#FF4D63&#8243; read_more_line_height=&raquo;2.9em&raquo; background_enable_color=&raquo;off&raquo; border_width_all=&raquo;0px&raquo; global_colors_info=&raquo;{}&raquo;][\/et_pb_blog][et_pb_button button_url=&raquo;@ET-DC@eyJkeW5hbWljIjp0cnVlLCJjb250ZW50IjoicG9zdF9saW5rX3VybF9wYWdlIiwic2V0dGluZ3MiOnsicG9zdF9pZCI6IjEwNCJ9fQ==@&raquo; button_text=&raquo;Se alle artikler her&raquo; _builder_version=&raquo;4.21.0&#8243; _dynamic_attributes=&raquo;button_url&raquo; _module_preset=&raquo;default&raquo; custom_button=&raquo;on&raquo; button_text_color=&raquo;#F4F4F4&#8243; button_bg_color=&raquo;#51E5AF&raquo; button_border_color=&raquo;RGBA(255,255,255,0)&raquo; button_icon_color=&raquo;#F4F4F4&#8243; global_colors_info=&raquo;{}&raquo;][\/et_pb_button][\/et_pb_column][\/et_pb_row][\/et_pb_section]<\/p>","protected":false},"excerpt":{"rendered":"<p>Det er lov \u00e5 ville bli best \u2013 s\u00e5 lenge veien dit er god Barn og unge som satser p\u00e5 idrett fortjener et milj\u00f8 som fremmer b\u00e5de prestasjon, helse og personlig utvikling. Vi \u00f8nsker \u00e5 legge til rette for trygge og utviklende prestasjonsmilj\u00f8er, der unge ut\u00f8vere kan vokse \u2013 b\u00e5de som mennesker og som idrettsut\u00f8vere. [&hellip;]<\/p>","protected":false},"author":1,"featured_media":0,"parent":0,"menu_order":0,"comment_status":"closed","ping_status":"open","template":"","meta":{"_et_pb_use_builder":"on","_et_pb_old_content":"<!-- wp:paragraph -->\n<p>This is an example page. It's different from a blog post because it will stay in one place and will show up in your site navigation (in most themes). Most people start with an About page that introduces them to potential site visitors. It might say something like this:<\/p>\n<!-- \/wp:paragraph -->\n\n<!-- wp:quote -->\n<blockquote class=\"wp-block-quote\"><p>Hi there! I'm a bike messenger by day, aspiring actor by night, and this is my website. I live in Los Angeles, have a great dog named Jack, and I like pi&#241;a coladas. (And gettin' caught in the rain.)<\/p><\/blockquote>\n<!-- \/wp:quote -->\n\n<!-- wp:paragraph -->\n<p>...or something like this:<\/p>\n<!-- \/wp:paragraph -->\n\n<!-- wp:quote -->\n<blockquote class=\"wp-block-quote\"><p>The XYZ Doohickey Company was founded in 1971, and has been providing quality doohickeys to the public ever since. Located in Gotham City, XYZ employs over 2,000 people and does all kinds of awesome things for the Gotham community.<\/p><\/blockquote>\n<!-- \/wp:quote -->\n\n<!-- wp:paragraph -->\n<p>As a new WordPress user, you should go to <a href=\"https:\/\/starasyouare.com\/wp-admin\/\">your dashboard<\/a> to delete this page and create new pages for your content. Have fun!<\/p>\n<!-- \/wp:paragraph -->","_et_gb_content_width":"","footnotes":""},"class_list":["post-2","page","type-page","status-publish","hentry"],"yoast_head":"<!-- This site is optimized with the Yoast SEO plugin v25.4 - https:\/\/yoast.com\/wordpress\/plugins\/seo\/ -->\n<title>Hjem - Star As You Are<\/title>\n<meta name=\"robots\" content=\"index, follow, max-snippet:-1, max-image-preview:large, max-video-preview:-1\" \/>\n<link rel=\"canonical\" href=\"https:\/\/starasyouare.com\/en\/\" \/>\n<meta property=\"og:locale\" content=\"en_GB\" \/>\n<meta property=\"og:type\" content=\"article\" \/>\n<meta property=\"og:title\" content=\"Hjem - Star As You Are\" \/>\n<meta property=\"og:description\" content=\"Det er lov \u00e5 ville bli best \u2013 s\u00e5 lenge veien dit er god Barn og unge som satser p\u00e5 idrett fortjener et milj\u00f8 som fremmer b\u00e5de prestasjon, helse og personlig utvikling. Vi \u00f8nsker \u00e5 legge til rette for trygge og utviklende prestasjonsmilj\u00f8er, der unge ut\u00f8vere kan vokse \u2013 b\u00e5de som mennesker og som idrettsut\u00f8vere. [&hellip;]\" \/>\n<meta property=\"og:url\" content=\"https:\/\/starasyouare.com\/en\/\" \/>\n<meta property=\"og:site_name\" content=\"Star As You Are\" \/>\n<meta property=\"article:modified_time\" content=\"2025-11-25T14:16:07+00:00\" \/>\n<meta name=\"twitter:card\" content=\"summary_large_image\" \/>\n<meta name=\"twitter:label1\" content=\"Estimated reading time\" \/>\n\t<meta name=\"twitter:data1\" content=\"7 minutes\" \/>\n<script type=\"application\/ld+json\" class=\"yoast-schema-graph\">{\"@context\":\"https:\/\/schema.org\",\"@graph\":[{\"@type\":\"WebPage\",\"@id\":\"https:\/\/starasyouare.com\/\",\"url\":\"https:\/\/starasyouare.com\/\",\"name\":\"Hjem - Star As You Are\",\"isPartOf\":{\"@id\":\"https:\/\/starasyouare.com\/#website\"},\"datePublished\":\"2025-05-22T07:54:28+00:00\",\"dateModified\":\"2025-11-25T14:16:07+00:00\",\"breadcrumb\":{\"@id\":\"https:\/\/starasyouare.com\/#breadcrumb\"},\"inLanguage\":\"en-GB\",\"potentialAction\":[{\"@type\":\"ReadAction\",\"target\":[\"https:\/\/starasyouare.com\/\"]}]},{\"@type\":\"BreadcrumbList\",\"@id\":\"https:\/\/starasyouare.com\/#breadcrumb\",\"itemListElement\":[{\"@type\":\"ListItem\",\"position\":1,\"name\":\"Hjem\",\"item\":\"https:\/\/starasyouare.com\/\"},{\"@type\":\"ListItem\",\"position\":2,\"name\":\"Hjem\"}]},{\"@type\":\"WebSite\",\"@id\":\"https:\/\/starasyouare.com\/#website\",\"url\":\"https:\/\/starasyouare.com\/\",\"name\":\"Star As You Are\",\"description\":\"Kunnskapsplattform for konkurrerende idrett\",\"publisher\":{\"@id\":\"https:\/\/starasyouare.com\/#organization\"},\"potentialAction\":[{\"@type\":\"SearchAction\",\"target\":{\"@type\":\"EntryPoint\",\"urlTemplate\":\"https:\/\/starasyouare.com\/?s={search_term_string}\"},\"query-input\":{\"@type\":\"PropertyValueSpecification\",\"valueRequired\":true,\"valueName\":\"search_term_string\"}}],\"inLanguage\":\"en-GB\"},{\"@type\":\"Organization\",\"@id\":\"https:\/\/starasyouare.com\/#organization\",\"name\":\"Star As You Are\",\"url\":\"https:\/\/starasyouare.com\/\",\"logo\":{\"@type\":\"ImageObject\",\"inLanguage\":\"en-GB\",\"@id\":\"https:\/\/starasyouare.com\/#\/schema\/logo\/image\/\",\"url\":\"https:\/\/starasyouare.com\/wp-content\/uploads\/2025\/07\/As_You_Are-Logo-gronn-scaled.png\",\"contentUrl\":\"https:\/\/starasyouare.com\/wp-content\/uploads\/2025\/07\/As_You_Are-Logo-gronn-scaled.png\",\"width\":2560,\"height\":882,\"caption\":\"Star As You Are\"},\"image\":{\"@id\":\"https:\/\/starasyouare.com\/#\/schema\/logo\/image\/\"}}]}<\/script>\n<!-- \/ Yoast SEO plugin. -->","yoast_head_json":{"title":"Hjem - Star As You Are","robots":{"index":"index","follow":"follow","max-snippet":"max-snippet:-1","max-image-preview":"max-image-preview:large","max-video-preview":"max-video-preview:-1"},"canonical":"https:\/\/starasyouare.com\/en\/","og_locale":"en_GB","og_type":"article","og_title":"Hjem - Star As You Are","og_description":"Det er lov \u00e5 ville bli best \u2013 s\u00e5 lenge veien dit er god Barn og unge som satser p\u00e5 idrett fortjener et milj\u00f8 som fremmer b\u00e5de prestasjon, helse og personlig utvikling. Vi \u00f8nsker \u00e5 legge til rette for trygge og utviklende prestasjonsmilj\u00f8er, der unge ut\u00f8vere kan vokse \u2013 b\u00e5de som mennesker og som idrettsut\u00f8vere. [&hellip;]","og_url":"https:\/\/starasyouare.com\/en\/","og_site_name":"Star As You Are","article_modified_time":"2025-11-25T14:16:07+00:00","twitter_card":"summary_large_image","twitter_misc":{"Estimated reading time":"7 minutes"},"schema":{"@context":"https:\/\/schema.org","@graph":[{"@type":"WebPage","@id":"https:\/\/starasyouare.com\/","url":"https:\/\/starasyouare.com\/","name":"Hjem - Star As You Are","isPartOf":{"@id":"https:\/\/starasyouare.com\/#website"},"datePublished":"2025-05-22T07:54:28+00:00","dateModified":"2025-11-25T14:16:07+00:00","breadcrumb":{"@id":"https:\/\/starasyouare.com\/#breadcrumb"},"inLanguage":"en-GB","potentialAction":[{"@type":"ReadAction","target":["https:\/\/starasyouare.com\/"]}]},{"@type":"BreadcrumbList","@id":"https:\/\/starasyouare.com\/#breadcrumb","itemListElement":[{"@type":"ListItem","position":1,"name":"Hjem","item":"https:\/\/starasyouare.com\/"},{"@type":"ListItem","position":2,"name":"Hjem"}]},{"@type":"WebSite","@id":"https:\/\/starasyouare.com\/#website","url":"https:\/\/starasyouare.com\/","name":"Star As You Are","description":"Kunnskapsplattform for konkurrerende idrett","publisher":{"@id":"https:\/\/starasyouare.com\/#organization"},"potentialAction":[{"@type":"SearchAction","target":{"@type":"EntryPoint","urlTemplate":"https:\/\/starasyouare.com\/?s={search_term_string}"},"query-input":{"@type":"PropertyValueSpecification","valueRequired":true,"valueName":"search_term_string"}}],"inLanguage":"en-GB"},{"@type":"Organization","@id":"https:\/\/starasyouare.com\/#organization","name":"Star As You Are","url":"https:\/\/starasyouare.com\/","logo":{"@type":"ImageObject","inLanguage":"en-GB","@id":"https:\/\/starasyouare.com\/#\/schema\/logo\/image\/","url":"https:\/\/starasyouare.com\/wp-content\/uploads\/2025\/07\/As_You_Are-Logo-gronn-scaled.png","contentUrl":"https:\/\/starasyouare.com\/wp-content\/uploads\/2025\/07\/As_You_Are-Logo-gronn-scaled.png","width":2560,"height":882,"caption":"Star As You Are"},"image":{"@id":"https:\/\/starasyouare.com\/#\/schema\/logo\/image\/"}}]}},"_links":{"self":[{"href":"https:\/\/starasyouare.com\/en\/wp-json\/wp\/v2\/pages\/2","targetHints":{"allow":["GET"]}}],"collection":[{"href":"https:\/\/starasyouare.com\/en\/wp-json\/wp\/v2\/pages"}],"about":[{"href":"https:\/\/starasyouare.com\/en\/wp-json\/wp\/v2\/types\/page"}],"author":[{"embeddable":true,"href":"https:\/\/starasyouare.com\/en\/wp-json\/wp\/v2\/users\/1"}],"replies":[{"embeddable":true,"href":"https:\/\/starasyouare.com\/en\/wp-json\/wp\/v2\/comments?post=2"}],"version-history":[{"count":20,"href":"https:\/\/starasyouare.com\/en\/wp-json\/wp\/v2\/pages\/2\/revisions"}],"predecessor-version":[{"id":424,"href":"https:\/\/starasyouare.com\/en\/wp-json\/wp\/v2\/pages\/2\/revisions\/424"}],"wp:attachment":[{"href":"https:\/\/starasyouare.com\/en\/wp-json\/wp\/v2\/media?parent=2"}],"curies":[{"name":"wp","href":"https:\/\/api.w.org\/{rel}","templated":true}]}}