{"id":104,"date":"2025-06-19T06:31:42","date_gmt":"2025-06-19T06:31:42","guid":{"rendered":"https:\/\/asyouare.no\/?page_id=104"},"modified":"2025-08-21T19:57:15","modified_gmt":"2025-08-21T19:57:15","slug":"aktuelt","status":"publish","type":"page","link":"https:\/\/starasyouare.com\/en\/aktuelt\/","title":{"rendered":"Updates"},"content":{"rendered":"<p>[et_pb_section fb_built=&raquo;1&#8243; _builder_version=&raquo;4.21.0&#8243; background_color=&raquo;#F4F4F4&#8243; global_colors_info=&raquo;{}&raquo;][et_pb_row column_structure=&raquo;1_2,1_2&#8243; _builder_version=&raquo;4.21.0&#8243; _module_preset=&raquo;default&raquo; background_color=&raquo;RGBA(255,255,255,0)&raquo; custom_padding=&raquo;||6px|||&raquo; border_color_bottom=&raquo;#2F2933&#8243; global_colors_info=&raquo;{}&raquo;][et_pb_column type=&raquo;1_2&#8243; _builder_version=&raquo;4.21.0&#8243; _module_preset=&raquo;default&raquo; global_colors_info=&raquo;{}&raquo;][et_pb_text _builder_version=&raquo;4.21.0&#8243; _module_preset=&raquo;default&raquo; header_font=&raquo;Lexend Deca||||||||&raquo; header_text_align=&raquo;right&raquo; header_text_color=&raquo;#51E5AF&raquo; header_font_size=&raquo;68px&raquo; custom_margin=&raquo;45px||2px|||&raquo; locked=&raquo;off&raquo; global_colors_info=&raquo;{}&raquo;]<\/p>\n<h1 style=\"text-align: left;\">Updates<\/h1>\n<p>[\/et_pb_text][et_pb_text _builder_version=&raquo;4.21.0&#8243; _module_preset=&raquo;default&raquo; text_font=&raquo;Lexend Deca|300|||||||&raquo; text_text_color=&raquo;#2F2933&#8243; text_font_size=&raquo;20px&raquo; text_line_height=&raquo;1.6em&raquo; custom_margin=&raquo;13px||35px|||&raquo; global_colors_info=&raquo;{}&raquo;]<\/p>\n<p style=\"text-align: left;\">Here you'll find articles, news, and research that go beyond athletic performance. Whether you're a coach, parent, athlete, or part of the support team, we hope you'll find insight, reassurance, and inspiration here.<\/p>\n<p>[\/et_pb_text][et_pb_image src=&raquo;https:\/\/starasyouare.com\/wp-content\/uploads\/2025\/07\/StarAsYouAre.signatur.png&raquo; title_text=&raquo;StarAsYouAre.signatur&raquo; disabled_on=&raquo;on|off|off&raquo; _builder_version=&raquo;4.21.0&#8243; _module_preset=&raquo;default&raquo; width=&raquo;90%&raquo; module_alignment=&raquo;left&raquo; filter_opacity=&raquo;60%&raquo; global_colors_info=&raquo;{}&raquo;][\/et_pb_image][\/et_pb_column][et_pb_column type=&raquo;1_2&#8243; _builder_version=&raquo;4.21.0&#8243; _module_preset=&raquo;default&raquo; global_colors_info=&raquo;{}&raquo;][et_pb_blog fullwidth=&raquo;off&raquo; posts_number=&raquo;1&#8243; excerpt_length=&raquo;180&#8243; show_author=&raquo;off&raquo; show_date=&raquo;off&raquo; show_categories=&raquo;off&raquo; show_pagination=&raquo;off&raquo; masonry_tile_background_color=&raquo;#F4F4F4&#8243; _builder_version=&raquo;4.21.0&#8243; _module_preset=&raquo;default&raquo; header_font=&raquo;Lexend Deca||||||||&raquo; header_text_color=&raquo;#2F2933&#8243; header_line_height=&raquo;1.3em&raquo; body_font=&raquo;Lexend Deca|300|||||||&raquo; body_text_color=&raquo;#2F2933&#8243; meta_font=&raquo;||||||||&raquo; meta_text_color=&raquo;#51E5AF&raquo; read_more_font=&raquo;Lexend Deca|600||on|||||&raquo; read_more_text_color=&raquo;#FF4D63&#8243; read_more_line_height=&raquo;2.9em&raquo; pagination_font=&raquo;|600|||||||&raquo; pagination_text_color=&raquo;#2F2933&#8243; pagination_font_size=&raquo;16px&raquo; background_enable_color=&raquo;off&raquo; border_radii=&raquo;on|10px|10px|10px|10px&raquo; border_color_all=&raquo;#837f86&#8243; global_colors_info=&raquo;{}&raquo;][\/et_pb_blog][\/et_pb_column][\/et_pb_row][et_pb_row _builder_version=&raquo;4.21.0&#8243; _module_preset=&raquo;default&raquo; custom_padding=&raquo;||73px|||&raquo; global_colors_info=&raquo;{}&raquo;][et_pb_column type=&raquo;4_4&#8243; _builder_version=&raquo;4.21.0&#8243; _module_preset=&raquo;default&raquo; global_colors_info=&raquo;{}&raquo;][et_pb_blog fullwidth=&raquo;off&raquo; posts_number=&raquo;3&#8243; excerpt_length=&raquo;180&#8243; show_author=&raquo;off&raquo; show_date=&raquo;off&raquo; show_categories=&raquo;off&raquo; offset_number=&raquo;1&#8243; masonry_tile_background_color=&raquo;#F4F4F4&#8243; _builder_version=&raquo;4.21.0&#8243; _module_preset=&raquo;default&raquo; header_font=&raquo;Lexend Deca||||||||&raquo; header_text_color=&raquo;#2F2933&#8243; header_line_height=&raquo;1.3em&raquo; body_font=&raquo;Lexend Deca|300|||||||&raquo; body_text_color=&raquo;#2F2933&#8243; meta_font=&raquo;||||||||&raquo; meta_text_color=&raquo;#51E5AF&raquo; read_more_font=&raquo;Lexend Deca|600||on|||||&raquo; read_more_text_color=&raquo;#FF4D63&#8243; read_more_line_height=&raquo;2.9em&raquo; pagination_font=&raquo;|600|||||||&raquo; pagination_text_color=&raquo;#FF4D63&#8243; pagination_font_size=&raquo;16px&raquo; background_enable_color=&raquo;off&raquo; border_radii=&raquo;on|10px|10px|10px|10px&raquo; border_color_all=&raquo;#837F86&#8243; global_colors_info=&raquo;{}&raquo;][\/et_pb_blog][\/et_pb_column][\/et_pb_row][\/et_pb_section]<\/p>","protected":false},"excerpt":{"rendered":"<p>AktueltHer finner du artikler, nyheter og forskning som handler om mer enn bare idrettsprestasjoner. Enten du er trener, forelder, ut\u00f8ver eller jobber i st\u00f8tteapparatet, h\u00e5per vi du finner innsikt, trygghet og inspirasjon her.<\/p>","protected":false},"author":1,"featured_media":0,"parent":0,"menu_order":0,"comment_status":"closed","ping_status":"open","template":"","meta":{"_et_pb_use_builder":"on","_et_pb_old_content":"<!-- wp:paragraph -->\n<p>This is an example page. It's different from a blog post because it will stay in one place and will show up in your site navigation (in most themes). Most people start with an About page that introduces them to potential site visitors. It might say something like this:<\/p>\n<!-- \/wp:paragraph -->\n\n<!-- wp:quote -->\n<blockquote class=\"wp-block-quote\"><p>Hi there! I'm a bike messenger by day, aspiring actor by night, and this is my website. I live in Los Angeles, have a great dog named Jack, and I like pi&#241;a coladas. (And gettin' caught in the rain.)<\/p><\/blockquote>\n<!-- \/wp:quote -->\n\n<!-- wp:paragraph -->\n<p>...or something like this:<\/p>\n<!-- \/wp:paragraph -->\n\n<!-- wp:quote -->\n<blockquote class=\"wp-block-quote\"><p>The XYZ Doohickey Company was founded in 1971, and has been providing quality doohickeys to the public ever since. Located in Gotham City, XYZ employs over 2,000 people and does all kinds of awesome things for the Gotham community.<\/p><\/blockquote>\n<!-- \/wp:quote -->\n\n<!-- wp:paragraph -->\n<p>As a new WordPress user, you should go to <a href=\"https:\/\/starasyouare.com\/wp-admin\/\">your dashboard<\/a> to delete this page and create new pages for your content. Have fun!<\/p>\n<!-- \/wp:paragraph -->","_et_gb_content_width":"","footnotes":""},"class_list":["post-104","page","type-page","status-publish","hentry"],"yoast_head":"<!-- This site is optimized with the Yoast SEO plugin v25.4 - https:\/\/yoast.com\/wordpress\/plugins\/seo\/ -->\n<title>Aktuelt - Star As You Are<\/title>\n<meta name=\"robots\" content=\"index, follow, max-snippet:-1, max-image-preview:large, max-video-preview:-1\" \/>\n<link rel=\"canonical\" href=\"https:\/\/starasyouare.com\/en\/aktuelt\/\" \/>\n<meta property=\"og:locale\" content=\"en_GB\" \/>\n<meta property=\"og:type\" content=\"article\" \/>\n<meta property=\"og:title\" content=\"Aktuelt - Star As You Are\" \/>\n<meta property=\"og:description\" content=\"AktueltHer finner du artikler, nyheter og forskning som handler om mer enn bare idrettsprestasjoner. Enten du er trener, forelder, ut\u00f8ver eller jobber i st\u00f8tteapparatet, h\u00e5per vi du finner innsikt, trygghet og inspirasjon her.\" \/>\n<meta property=\"og:url\" content=\"https:\/\/starasyouare.com\/en\/aktuelt\/\" \/>\n<meta property=\"og:site_name\" content=\"Star As You Are\" \/>\n<meta property=\"article:modified_time\" content=\"2025-08-21T19:57:15+00:00\" \/>\n<meta name=\"twitter:card\" content=\"summary_large_image\" \/>\n<meta name=\"twitter:label1\" content=\"Estimated reading time\" \/>\n\t<meta name=\"twitter:data1\" content=\"2 minutes\" \/>\n<script type=\"application\/ld+json\" class=\"yoast-schema-graph\">{\"@context\":\"https:\/\/schema.org\",\"@graph\":[{\"@type\":\"WebPage\",\"@id\":\"https:\/\/starasyouare.com\/aktuelt\/\",\"url\":\"https:\/\/starasyouare.com\/aktuelt\/\",\"name\":\"Aktuelt - Star As You Are\",\"isPartOf\":{\"@id\":\"https:\/\/starasyouare.com\/#website\"},\"datePublished\":\"2025-06-19T06:31:42+00:00\",\"dateModified\":\"2025-08-21T19:57:15+00:00\",\"breadcrumb\":{\"@id\":\"https:\/\/starasyouare.com\/aktuelt\/#breadcrumb\"},\"inLanguage\":\"en-GB\",\"potentialAction\":[{\"@type\":\"ReadAction\",\"target\":[\"https:\/\/starasyouare.com\/aktuelt\/\"]}]},{\"@type\":\"BreadcrumbList\",\"@id\":\"https:\/\/starasyouare.com\/aktuelt\/#breadcrumb\",\"itemListElement\":[{\"@type\":\"ListItem\",\"position\":1,\"name\":\"Hjem\",\"item\":\"https:\/\/starasyouare.com\/\"},{\"@type\":\"ListItem\",\"position\":2,\"name\":\"Aktuelt\"}]},{\"@type\":\"WebSite\",\"@id\":\"https:\/\/starasyouare.com\/#website\",\"url\":\"https:\/\/starasyouare.com\/\",\"name\":\"Star As You Are\",\"description\":\"Kunnskapsplattform for konkurrerende idrett\",\"publisher\":{\"@id\":\"https:\/\/starasyouare.com\/#organization\"},\"potentialAction\":[{\"@type\":\"SearchAction\",\"target\":{\"@type\":\"EntryPoint\",\"urlTemplate\":\"https:\/\/starasyouare.com\/?s={search_term_string}\"},\"query-input\":{\"@type\":\"PropertyValueSpecification\",\"valueRequired\":true,\"valueName\":\"search_term_string\"}}],\"inLanguage\":\"en-GB\"},{\"@type\":\"Organization\",\"@id\":\"https:\/\/starasyouare.com\/#organization\",\"name\":\"Star As You Are\",\"url\":\"https:\/\/starasyouare.com\/\",\"logo\":{\"@type\":\"ImageObject\",\"inLanguage\":\"en-GB\",\"@id\":\"https:\/\/starasyouare.com\/#\/schema\/logo\/image\/\",\"url\":\"https:\/\/starasyouare.com\/wp-content\/uploads\/2025\/07\/As_You_Are-Logo-gronn-scaled.png\",\"contentUrl\":\"https:\/\/starasyouare.com\/wp-content\/uploads\/2025\/07\/As_You_Are-Logo-gronn-scaled.png\",\"width\":2560,\"height\":882,\"caption\":\"Star As You Are\"},\"image\":{\"@id\":\"https:\/\/starasyouare.com\/#\/schema\/logo\/image\/\"}}]}<\/script>\n<!-- \/ Yoast SEO plugin. -->","yoast_head_json":{"title":"Aktuelt - Star As You Are","robots":{"index":"index","follow":"follow","max-snippet":"max-snippet:-1","max-image-preview":"max-image-preview:large","max-video-preview":"max-video-preview:-1"},"canonical":"https:\/\/starasyouare.com\/en\/aktuelt\/","og_locale":"en_GB","og_type":"article","og_title":"Aktuelt - Star As You Are","og_description":"AktueltHer finner du artikler, nyheter og forskning som handler om mer enn bare idrettsprestasjoner. Enten du er trener, forelder, ut\u00f8ver eller jobber i st\u00f8tteapparatet, h\u00e5per vi du finner innsikt, trygghet og inspirasjon her.","og_url":"https:\/\/starasyouare.com\/en\/aktuelt\/","og_site_name":"Star As You Are","article_modified_time":"2025-08-21T19:57:15+00:00","twitter_card":"summary_large_image","twitter_misc":{"Estimated reading time":"2 minutes"},"schema":{"@context":"https:\/\/schema.org","@graph":[{"@type":"WebPage","@id":"https:\/\/starasyouare.com\/aktuelt\/","url":"https:\/\/starasyouare.com\/aktuelt\/","name":"Aktuelt - Star As You Are","isPartOf":{"@id":"https:\/\/starasyouare.com\/#website"},"datePublished":"2025-06-19T06:31:42+00:00","dateModified":"2025-08-21T19:57:15+00:00","breadcrumb":{"@id":"https:\/\/starasyouare.com\/aktuelt\/#breadcrumb"},"inLanguage":"en-GB","potentialAction":[{"@type":"ReadAction","target":["https:\/\/starasyouare.com\/aktuelt\/"]}]},{"@type":"BreadcrumbList","@id":"https:\/\/starasyouare.com\/aktuelt\/#breadcrumb","itemListElement":[{"@type":"ListItem","position":1,"name":"Hjem","item":"https:\/\/starasyouare.com\/"},{"@type":"ListItem","position":2,"name":"Aktuelt"}]},{"@type":"WebSite","@id":"https:\/\/starasyouare.com\/#website","url":"https:\/\/starasyouare.com\/","name":"Star As You Are","description":"Kunnskapsplattform for konkurrerende idrett","publisher":{"@id":"https:\/\/starasyouare.com\/#organization"},"potentialAction":[{"@type":"SearchAction","target":{"@type":"EntryPoint","urlTemplate":"https:\/\/starasyouare.com\/?s={search_term_string}"},"query-input":{"@type":"PropertyValueSpecification","valueRequired":true,"valueName":"search_term_string"}}],"inLanguage":"en-GB"},{"@type":"Organization","@id":"https:\/\/starasyouare.com\/#organization","name":"Star As You Are","url":"https:\/\/starasyouare.com\/","logo":{"@type":"ImageObject","inLanguage":"en-GB","@id":"https:\/\/starasyouare.com\/#\/schema\/logo\/image\/","url":"https:\/\/starasyouare.com\/wp-content\/uploads\/2025\/07\/As_You_Are-Logo-gronn-scaled.png","contentUrl":"https:\/\/starasyouare.com\/wp-content\/uploads\/2025\/07\/As_You_Are-Logo-gronn-scaled.png","width":2560,"height":882,"caption":"Star As You Are"},"image":{"@id":"https:\/\/starasyouare.com\/#\/schema\/logo\/image\/"}}]}},"_links":{"self":[{"href":"https:\/\/starasyouare.com\/en\/wp-json\/wp\/v2\/pages\/104","targetHints":{"allow":["GET"]}}],"collection":[{"href":"https:\/\/starasyouare.com\/en\/wp-json\/wp\/v2\/pages"}],"about":[{"href":"https:\/\/starasyouare.com\/en\/wp-json\/wp\/v2\/types\/page"}],"author":[{"embeddable":true,"href":"https:\/\/starasyouare.com\/en\/wp-json\/wp\/v2\/users\/1"}],"replies":[{"embeddable":true,"href":"https:\/\/starasyouare.com\/en\/wp-json\/wp\/v2\/comments?post=104"}],"version-history":[{"count":18,"href":"https:\/\/starasyouare.com\/en\/wp-json\/wp\/v2\/pages\/104\/revisions"}],"predecessor-version":[{"id":427,"href":"https:\/\/starasyouare.com\/en\/wp-json\/wp\/v2\/pages\/104\/revisions\/427"}],"wp:attachment":[{"href":"https:\/\/starasyouare.com\/en\/wp-json\/wp\/v2\/media?parent=104"}],"curies":[{"name":"wp","href":"https:\/\/api.w.org\/{rel}","templated":true}]}}